{"id":7177,"date":"2025-04-11T10:35:55","date_gmt":"2025-04-11T08:35:55","guid":{"rendered":"https:\/\/inenglishpleaseacademy.com\/?page_id=7177"},"modified":"2025-09-05T08:47:39","modified_gmt":"2025-09-05T06:47:39","slug":"aviso-legal","status":"publish","type":"page","link":"https:\/\/inenglishpleaseacademy.com\/es\/aviso-legal\/","title":{"rendered":"Aviso Legal"},"content":{"rendered":"\t\t<div data-elementor-type=\"wp-page\" data-elementor-id=\"7177\" class=\"elementor elementor-7177 elementor-6654\" data-elementor-post-type=\"page\">\n\t\t\t\t\t\t<section class=\"elementor-section elementor-top-section elementor-element elementor-element-8785833 elementor-section-full_width elementor-section-stretched elementor-section-height-default elementor-section-height-default\" data-id=\"8785833\" data-element_type=\"section\" data-e-type=\"section\" data-settings=\"{&quot;stretch_section&quot;:&quot;section-stretched&quot;,&quot;background_background&quot;:&quot;gradient&quot;}\">\n\t\t\t\t\t\t<div class=\"elementor-container elementor-column-gap-default\">\n\t\t\t\t\t<div class=\"elementor-column elementor-col-100 elementor-top-column elementor-element elementor-element-906085c\" data-id=\"906085c\" data-element_type=\"column\" data-e-type=\"column\">\n\t\t\t<div class=\"elementor-widget-wrap elementor-element-populated\">\n\t\t\t\t\t\t<div class=\"elementor-element elementor-element-ef2e9cc elementor-widget elementor-widget-hero\" data-id=\"ef2e9cc\" data-element_type=\"widget\" data-e-type=\"widget\" data-widget_type=\"hero.default\">\n\t\t\t\t<div class=\"elementor-widget-container\">\n\t\t\t\t\t<section class=\"slider-area slider-three pt-80 overflow-hidden pt-lg-100 pt-md-10 pt-xs-70 pt-150 pb-xs-35\">\r\n\t<img decoding=\"async\" width=\"79\" height=\"82\" src=\"https:\/\/inenglishpleaseacademy.com\/wp-content\/uploads\/2025\/04\/01_blue.png\" class=\"sl-shape shape_s13\" alt=\"\" srcset=\"https:\/\/inenglishpleaseacademy.com\/wp-content\/uploads\/2025\/04\/01_blue.png 79w, https:\/\/inenglishpleaseacademy.com\/wp-content\/uploads\/2025\/04\/01_blue-19x21.png 19w\" sizes=\"(max-width: 79px) 100vw, 79px\" \/><img decoding=\"async\" width=\"59\" height=\"69\" src=\"https:\/\/inenglishpleaseacademy.com\/wp-content\/uploads\/2025\/04\/05_blue.svg\" class=\"sl-shape shape_01\" alt=\"\" \/><img decoding=\"async\" width=\"72\" height=\"63\" src=\"https:\/\/inenglishpleaseacademy.com\/wp-content\/uploads\/2025\/04\/02_green.svg\" class=\"sl-shape shape_02\" alt=\"\" \/><img loading=\"lazy\" decoding=\"async\" width=\"63\" height=\"65\" src=\"https:\/\/inenglishpleaseacademy.com\/wp-content\/uploads\/2025\/04\/04_green.svg\" class=\"sl-shape shape_03\" alt=\"\" \/><img loading=\"lazy\" decoding=\"async\" width=\"279\" height=\"147\" src=\"https:\/\/inenglishpleaseacademy.com\/wp-content\/uploads\/2025\/04\/dot-plan-1_blue.svg\" class=\"sl-shape shape_04\" alt=\"\" \/><img loading=\"lazy\" decoding=\"async\" width=\"59\" height=\"64\" src=\"https:\/\/inenglishpleaseacademy.com\/wp-content\/uploads\/2025\/04\/06_green.svg\" class=\"sl-shape shape_06\" alt=\"\" \/>    <div class=\"slider-blur\"><\/div>\r\n    <div class=\"main-slider\">\r\n        <div class=\"container\">\r\n            <div class=\"row justify-content-center\">\r\n                <div class=\"col-lg-10\">\r\n                    <div class=\"slider__content slider__content__03 text-center pt-80 pr-50 pl-50\">\r\n\r\n\t\t\t\t\t\t<h1 class=\"title-widget main-title mb-35 wow fadeInUp2 animated\" data-wow-delay=\".3s\"> In English Please Academy <\/h1>\r\n                    <\/div>\r\n                <\/div>\r\n\r\n\t\t\t\t\r\n            <\/div>\r\n        <\/div>\r\n    <\/div>\r\n<\/section>\r\n        <script>\r\n            (function ($) {\r\n                \"use strict\";\r\n\r\n                $(document).ready(function () {\r\n                    $('select').niceSelect();\r\n                    \/* magnificPopup video view *\/\r\n                    $('.popup-video').magnificPopup({\r\n                        type: 'iframe'\r\n                    });\r\n                });\r\n\r\n            })(jQuery);\r\n        <\/script>\r\n\r\n\t\t\t\t\t\t<\/div>\n\t\t\t\t<\/div>\n\t\t\t\t\t<\/div>\n\t\t<\/div>\n\t\t\t\t\t<\/div>\n\t\t<\/section>\n\t\t\t\t<section class=\"elementor-section elementor-top-section elementor-element elementor-element-00c15f3 elementor-section-boxed elementor-section-height-default elementor-section-height-default\" data-id=\"00c15f3\" data-element_type=\"section\" data-e-type=\"section\">\n\t\t\t\t\t\t<div class=\"elementor-container elementor-column-gap-default\">\n\t\t\t\t\t<div class=\"elementor-column elementor-col-100 elementor-top-column elementor-element elementor-element-24bbb81\" data-id=\"24bbb81\" data-element_type=\"column\" data-e-type=\"column\">\n\t\t\t<div class=\"elementor-widget-wrap elementor-element-populated\">\n\t\t\t\t\t\t<div class=\"elementor-element elementor-element-eb9f4e3 elementor-widget elementor-widget-text-editor\" data-id=\"eb9f4e3\" data-element_type=\"widget\" data-e-type=\"widget\" data-widget_type=\"text-editor.default\">\n\t\t\t\t<div class=\"elementor-widget-container\">\n\t\t\t\t\t\t\t\t\t<p data-start=\"55\" data-end=\"652\"><span style=\"color: #000000;\"><strong>Aviso Legal<\/strong><\/span><\/p><p class=\"\" data-start=\"55\" data-end=\"652\"><span style=\"color: #000000;\"><strong data-start=\"55\" data-end=\"262\">En cumplimiento del art\u00edculo 10 de la Ley 34\/2002, de 11 de julio, de Servicios de la Sociedad de la Informaci\u00f3n y del E-commerce (LSSI-CE), se informa al usuario de los datos identificativos siguientes:<\/strong><\/span><br data-start=\"262\" data-end=\"265\" \/>Nombre completo de la titular: Francesca Rossell\u00f3 Munar<br data-start=\"316\" data-end=\"319\" \/>Nombre comercial: IN ENGLISH, PLEASE. ACADEMY<br data-start=\"361\" data-end=\"364\" \/>NIF: 43202584M<br data-start=\"378\" data-end=\"381\" \/>Domicilio social: Carrer Sor Francisca Nicolau Bover, 2, Baixos, 07210 Algaida, Illes Balears, Espanya<br data-start=\"482\" data-end=\"485\" \/>Tel\u00e9fono de contacte: 623 744 277<br data-start=\"517\" data-end=\"520\" \/>Corro electr\u00f3nico: <a rel=\"noopener\" data-start=\"539\" data-end=\"565\">englishwithxesca@gmail.com<\/a><br data-start=\"565\" data-end=\"568\" \/>P\u00e1gina web: <a class=\"\" href=\"https:\/\/inenglishpleaseacademy.com\/\" target=\"_new\" rel=\"noopener\" data-start=\"580\" data-end=\"652\">https:\/\/inenglishpleaseacademy.com\/<\/a><\/p><p class=\"\" data-start=\"654\" data-end=\"1345\"><span style=\"color: #000000;\"><strong data-start=\"654\" data-end=\"665\">Objeto<\/strong><\/span><br data-start=\"665\" data-end=\"668\" \/>La titular, responsable del sitio web, pose a disposici\u00f3n de los usuarios este documento con el objetivo de dar cumplimiento a las obligaciones establecidas en la LSSI-CE, as\u00ed como informar sobre las condiciones de uso del sitio web. Toda persona que acceda a este sitio web asume el papel de usuario, comprometi\u00e9ndose a la observancia y cumplimiento riguroso del que aqu\u00ed se establece, as\u00ed como de cualquier otra disposici\u00f3n legal aplicable. La titular se reserva el derecho a modificar cualquier tipo de informaci\u00f3n que pueda aparecer al sitio web, sin obligaci\u00f3n de preavisar o poner en conocimiento de los usuarios estas modificaciones, entendi\u00e9ndose como suficiente la publicaci\u00f3n al sitio web.<\/p><p class=\"\" data-start=\"1347\" data-end=\"1848\"><span style=\"color: #000000;\"><strong data-start=\"1347\" data-end=\"1366\">Responsabilidad<\/strong><\/span><br data-start=\"1366\" data-end=\"1369\" \/>La titular se exime de cualquier tipo de responsabilidad derivada de la informaci\u00f3n publicada al sitio web, siempre que esta haya sido manipulada o introducida por un tercero ajeno. Este sitio web puede utilizar Cookies para llevar a cabo determinadas funciones imprescindibles para su correcto funcionamiento. Las Cookies utilizadas tienen car\u00e1cter temporal y desaparecen al finalizar la sesi\u00f3n del usuario. En ning\u00fan caso se utilizar\u00e1n para recopilar informaci\u00f3n de car\u00e1cter personal.<\/p><p class=\"\" data-start=\"1850\" data-end=\"2219\">Desde el sitio web se puede redirigir a contenidos de terceros. Como que la titular no puede controlar siempre los contenidos introducidos por terceros, no asume ninguna responsabilidad respecto de estos contenidos. Sin embargo, se compromete a la retirada inmediata de cualquier contenido que pueda contravenir la legislaci\u00f3n nacional o internacional, la moral o el orden p\u00fablico.<\/p><p class=\"\" data-start=\"2221\" data-end=\"2690\">Tampoco se hace responsable de la informaci\u00f3n y contenidos almacenados en foros, chats, blogs, redes sociales u otros medios que permitan a terceros publicar contenidos de forma independiente. En cumplimiento del que disponen los art\u00edculos 11 y 16 de la LSSI-CE, la titular se pone a disposici\u00f3n de todos los usuarios, autoridades y fuerzas de seguridad, colaborando activamente en la retirada o bloqueo de aquellos contenidos que puedan afectar o contravenir la legislaci\u00f3n vigente.<\/p><p class=\"\" data-start=\"2692\" data-end=\"3041\"><span style=\"color: #000000;\"><strong data-start=\"2692\" data-end=\"2732\">Propiedad Intelectual y Industrial<\/strong><\/span><\/p><p>Este sitio web, incluyendo su programaci\u00f3n, dise\u00f1o, compilaci\u00f3n, logotipos, textos y gr\u00e1ficos, es propiedad de la titular o dispone de licencia o autorizaci\u00f3n expr\u00e9s por parte de los autores. Todos los contenidos est\u00e1n protegidos por la normativa vigente en materia de propiedad intelectual e industrial.<\/p><p>Queda prohibida la reproducci\u00f3n, distribuci\u00f3n, comunicaci\u00f3n p\u00fablica y transformaci\u00f3n, total o parcial, de los contenidos del sitio web sin la autorizaci\u00f3n previa y por escrito de la titular.<\/p><p class=\"\" data-start=\"3228\" data-end=\"3547\"><span style=\"color: #000000;\"><strong data-start=\"3228\" data-end=\"3274\">Veracidad de la Informaci\u00f3n y Menores de Edad<\/strong><\/span><br data-start=\"3274\" data-end=\"3277\" \/>El usuario garantiza que los datos personales facilitados son veraces, exactos, completas y actualizadas. Los menores de edad tienen que contar con el consentimiento previo de sus padres, tutores o representantes legales para la utilizaci\u00f3n de los servicios ofrecidos en este sitio web.<\/p><p class=\"\" data-start=\"3549\" data-end=\"3916\"><span style=\"color: #000000;\"><strong data-start=\"3549\" data-end=\"3597\">Obligaci\u00f3n de fer un uso correcto del sitio web<\/strong><\/span><br data-start=\"3597\" data-end=\"3600\" \/>El usuario se compromete a utilizar el sitio web conforme a la ley, el presente Aviso Legal, la moral y las buenas costumbres. Se proh\u00edbe el uso del sitio web con fines il\u00edcitas o lesivas para terceros, o que de cualquier manera puedan da\u00f1ar, inutilizar o sobrecargar el portal o impedir el funcionamiento normal.<\/p><p class=\"\" data-start=\"3918\" data-end=\"4267\"><span style=\"color: #000000;\"><strong data-start=\"3918\" data-end=\"3956\">Legislaci\u00f3n aplicable y jurisdicci\u00f3n<\/strong><\/span><br data-start=\"3956\" data-end=\"3959\" \/>Para la resoluci\u00f3n de todas las controversias o cuestiones relacionadas con este sitio web o de las actividades que se desarrollan, ser\u00e1 de aplicaci\u00f3n la legislaci\u00f3n espa\u00f1ola. Las partes se someten expresamente a los Juzgados y Tribunales de Palma, con renuncia a cualquier otro fuero que los pudiera corresponder.<\/p>\t\t\t\t\t\t\t\t<\/div>\n\t\t\t\t<\/div>\n\t\t\t\t\t<\/div>\n\t\t<\/div>\n\t\t\t\t\t<\/div>\n\t\t<\/section>\n\t\t\t\t<section class=\"elementor-section elementor-top-section elementor-element elementor-element-357ced7 elementor-section-full_width elementor-section-stretched elementor-section-height-default elementor-section-height-default\" data-id=\"357ced7\" data-element_type=\"section\" data-e-type=\"section\" data-settings=\"{&quot;background_background&quot;:&quot;classic&quot;,&quot;stretch_section&quot;:&quot;section-stretched&quot;}\">\n\t\t\t\t\t\t<div class=\"elementor-container elementor-column-gap-default\">\n\t\t\t\t\t<div class=\"elementor-column elementor-col-100 elementor-top-column elementor-element elementor-element-a873ad5\" data-id=\"a873ad5\" data-element_type=\"column\" data-e-type=\"column\">\n\t\t\t<div class=\"elementor-widget-wrap elementor-element-populated\">\n\t\t\t\t\t\t<div class=\"elementor-element elementor-element-5e4b9b8 elementor-widget elementor-widget-image\" data-id=\"5e4b9b8\" data-element_type=\"widget\" data-e-type=\"widget\" data-widget_type=\"image.default\">\n\t\t\t\t<div class=\"elementor-widget-container\">\n\t\t\t\t\t\t\t\t\t\t\t\t\t\t\t<img loading=\"lazy\" decoding=\"async\" width=\"1024\" height=\"94\" src=\"https:\/\/inenglishpleaseacademy.com\/wp-content\/uploads\/2025\/04\/ng-conbandera-1-1024x94.png\" class=\"attachment-large size-large wp-image-6601\" alt=\"\" srcset=\"https:\/\/inenglishpleaseacademy.com\/wp-content\/uploads\/2025\/04\/ng-conbandera-1-1024x94.png 1024w, https:\/\/inenglishpleaseacademy.com\/wp-content\/uploads\/2025\/04\/ng-conbandera-1-300x28.png 300w, https:\/\/inenglishpleaseacademy.com\/wp-content\/uploads\/2025\/04\/ng-conbandera-1-768x71.png 768w, https:\/\/inenglishpleaseacademy.com\/wp-content\/uploads\/2025\/04\/ng-conbandera-1-1536x141.png 1536w, https:\/\/inenglishpleaseacademy.com\/wp-content\/uploads\/2025\/04\/ng-conbandera-1.png 1618w\" sizes=\"(max-width: 1024px) 100vw, 1024px\" \/>\t\t\t\t\t\t\t\t\t\t\t\t\t\t\t<\/div>\n\t\t\t\t<\/div>\n\t\t\t\t<div class=\"elementor-element elementor-element-2d47ebb elementor-widget elementor-widget-spacer\" data-id=\"2d47ebb\" data-element_type=\"widget\" data-e-type=\"widget\" data-widget_type=\"spacer.default\">\n\t\t\t\t<div class=\"elementor-widget-container\">\n\t\t\t\t\t\t\t<div class=\"elementor-spacer\">\n\t\t\t<div class=\"elementor-spacer-inner\"><\/div>\n\t\t<\/div>\n\t\t\t\t\t\t<\/div>\n\t\t\t\t<\/div>\n\t\t\t\t<div class=\"elementor-element elementor-element-000028e elementor-widget elementor-widget-text-editor\" data-id=\"000028e\" data-element_type=\"widget\" data-e-type=\"widget\" data-widget_type=\"text-editor.default\">\n\t\t\t\t<div class=\"elementor-widget-container\">\n\t\t\t\t\t\t\t\t\t<p>Copyright@ 2025 In English Please Academy. Todos los derechos reservados.<\/p>\t\t\t\t\t\t\t\t<\/div>\n\t\t\t\t<\/div>\n\t\t\t\t<div class=\"elementor-element elementor-element-a3beeb1 elementor-view-stacked elementor-widget__width-auto elementor-hidden-desktop elementor-hidden-tablet elementor-hidden-mobile elementor-shape-circle elementor-widget elementor-widget-icon\" data-id=\"a3beeb1\" data-element_type=\"widget\" data-e-type=\"widget\" data-widget_type=\"icon.default\">\n\t\t\t\t<div class=\"elementor-widget-container\">\n\t\t\t\t\t\t\t<div class=\"elementor-icon-wrapper\">\n\t\t\t<a class=\"elementor-icon\" href=\"https:\/\/www.facebook.com\/p\/In-English-please-100089535285293\/\">\n\t\t\t<i aria-hidden=\"true\" class=\"fab fa-facebook-f\"><\/i>\t\t\t<\/a>\n\t\t<\/div>\n\t\t\t\t\t\t<\/div>\n\t\t\t\t<\/div>\n\t\t\t\t<div class=\"elementor-element elementor-element-473593c elementor-view-stacked elementor-widget__width-auto elementor-hidden-desktop elementor-hidden-tablet elementor-hidden-mobile elementor-shape-circle elementor-widget elementor-widget-icon\" data-id=\"473593c\" data-element_type=\"widget\" data-e-type=\"widget\" data-widget_type=\"icon.default\">\n\t\t\t\t<div class=\"elementor-widget-container\">\n\t\t\t\t\t\t\t<div class=\"elementor-icon-wrapper\">\n\t\t\t<a class=\"elementor-icon\" href=\"https:\/\/www.instagram.com\/inenglishplease.academy\/\">\n\t\t\t<i aria-hidden=\"true\" class=\"fab fa-instagram\"><\/i>\t\t\t<\/a>\n\t\t<\/div>\n\t\t\t\t\t\t<\/div>\n\t\t\t\t<\/div>\n\t\t\t\t<div class=\"elementor-element elementor-element-1815a7f elementor-nav-menu__align-center elementor-nav-menu--dropdown-none elementor-widget-mobile__width-auto elementor-widget elementor-widget-nav-menu\" data-id=\"1815a7f\" data-element_type=\"widget\" data-e-type=\"widget\" data-settings=\"{&quot;submenu_icon&quot;:{&quot;value&quot;:&quot;&lt;i class=\\&quot;\\&quot; aria-hidden=\\&quot;true\\&quot;&gt;&lt;\\\/i&gt;&quot;,&quot;library&quot;:&quot;&quot;},&quot;layout&quot;:&quot;horizontal&quot;}\" data-widget_type=\"nav-menu.default\">\n\t\t\t\t<div class=\"elementor-widget-container\">\n\t\t\t\t\t\t\t\t<nav aria-label=\"Menu\" class=\"elementor-nav-menu--main elementor-nav-menu__container elementor-nav-menu--layout-horizontal e--pointer-none\">\n\t\t\t\t<ul id=\"menu-1-1815a7f\" class=\"elementor-nav-menu\"><li class=\"menu-item menu-item-type-post_type menu-item-object-page menu-item-6662\"><a href=\"https:\/\/inenglishpleaseacademy.com\/avis-legal\/\" class=\"elementor-item\">Aviso Legal<\/a><\/li>\n<li class=\"menu-item menu-item-type-post_type menu-item-object-page menu-item-6477\"><a href=\"https:\/\/inenglishpleaseacademy.com\/politica-de-cookies\/\" class=\"elementor-item\">Pol\u00edtica de Cookies<\/a><\/li>\n<li class=\"menu-item menu-item-type-post_type menu-item-object-page menu-item-6478\"><a href=\"https:\/\/inenglishpleaseacademy.com\/politica-de-privacitat\/\" class=\"elementor-item\">Pol\u00edtica de Privacidad<\/a><\/li>\n<\/ul>\t\t\t<\/nav>\n\t\t\t\t\t\t<nav class=\"elementor-nav-menu--dropdown elementor-nav-menu__container\" aria-hidden=\"true\">\n\t\t\t\t<ul id=\"menu-2-1815a7f\" class=\"elementor-nav-menu\"><li class=\"menu-item menu-item-type-post_type menu-item-object-page menu-item-6662\"><a href=\"https:\/\/inenglishpleaseacademy.com\/avis-legal\/\" class=\"elementor-item\" tabindex=\"-1\">Aviso Legal<\/a><\/li>\n<li class=\"menu-item menu-item-type-post_type menu-item-object-page menu-item-6477\"><a href=\"https:\/\/inenglishpleaseacademy.com\/politica-de-cookies\/\" class=\"elementor-item\" tabindex=\"-1\">Pol\u00edtica de Cookies<\/a><\/li>\n<li class=\"menu-item menu-item-type-post_type menu-item-object-page menu-item-6478\"><a href=\"https:\/\/inenglishpleaseacademy.com\/politica-de-privacitat\/\" class=\"elementor-item\" tabindex=\"-1\">Pol\u00edtica de Privacidad<\/a><\/li>\n<\/ul>\t\t\t<\/nav>\n\t\t\t\t\t\t<\/div>\n\t\t\t\t<\/div>\n\t\t\t\t\t<\/div>\n\t\t<\/div>\n\t\t\t\t\t<\/div>\n\t\t<\/section>\n\t\t\t\t<\/div>\n\t\t","protected":false},"excerpt":{"rendered":"<p>In English Please Academy Aviso Legal En cumplimiento del art\u00edculo 10 de la Ley 34\/2002, de 11 de julio, de [&hellip;]<\/p>\n","protected":false},"author":1,"featured_media":0,"parent":0,"menu_order":0,"comment_status":"closed","ping_status":"closed","template":"","meta":{"_acf_changed":false,"_monsterinsights_skip_tracking":false,"_monsterinsights_sitenote_active":false,"_monsterinsights_sitenote_note":"","_monsterinsights_sitenote_category":0,"footnotes":""},"class_list":["post-7177","page","type-page","status-publish","hentry"],"acf":[],"yoast_head":"<!-- This site is optimized with the Yoast SEO plugin v27.0 - https:\/\/yoast.com\/product\/yoast-seo-wordpress\/ -->\n<title>Aviso Legal - In English, Please. Academy<\/title>\n<meta name=\"description\" content=\"Consulta el aviso legal de In English Please Academy para conocer las condiciones de uso, responsabilidades y datos legales del sitio web.\" \/>\n<meta name=\"robots\" content=\"index, follow, max-snippet:-1, max-image-preview:large, max-video-preview:-1\" \/>\n<link rel=\"canonical\" href=\"https:\/\/inenglishpleaseacademy.com\/es\/aviso-legal\/\" \/>\n<meta property=\"og:locale\" content=\"es_ES\" \/>\n<meta property=\"og:type\" content=\"article\" \/>\n<meta property=\"og:title\" content=\"Aviso Legal - In English, Please. Academy\" \/>\n<meta property=\"og:description\" content=\"Consulta el aviso legal de In English Please Academy para conocer las condiciones de uso, responsabilidades y datos legales del sitio web.\" \/>\n<meta property=\"og:url\" content=\"https:\/\/inenglishpleaseacademy.com\/es\/aviso-legal\/\" \/>\n<meta property=\"og:site_name\" content=\"In English, Please. Academy\" \/>\n<meta property=\"article:modified_time\" content=\"2025-09-05T06:47:39+00:00\" \/>\n<meta property=\"og:image\" content=\"https:\/\/inenglishpleaseacademy.com\/wp-content\/uploads\/2025\/04\/01_blue.png\" \/>\n<meta name=\"twitter:card\" content=\"summary_large_image\" \/>\n<meta name=\"twitter:label1\" content=\"Tiempo de lectura\" \/>\n\t<meta name=\"twitter:data1\" content=\"5 minutos\" \/>\n<script type=\"application\/ld+json\" class=\"yoast-schema-graph\">{\"@context\":\"https:\/\/schema.org\",\"@graph\":[{\"@type\":\"WebPage\",\"@id\":\"https:\/\/inenglishpleaseacademy.com\/es\/aviso-legal\/\",\"url\":\"https:\/\/inenglishpleaseacademy.com\/es\/aviso-legal\/\",\"name\":\"Aviso Legal - In English, Please. Academy\",\"isPartOf\":{\"@id\":\"https:\/\/inenglishpleaseacademy.com\/es\/#website\"},\"primaryImageOfPage\":{\"@id\":\"https:\/\/inenglishpleaseacademy.com\/es\/aviso-legal\/#primaryimage\"},\"image\":{\"@id\":\"https:\/\/inenglishpleaseacademy.com\/es\/aviso-legal\/#primaryimage\"},\"thumbnailUrl\":\"https:\/\/inenglishpleaseacademy.com\/wp-content\/uploads\/2025\/04\/01_blue.png\",\"datePublished\":\"2025-04-11T08:35:55+00:00\",\"dateModified\":\"2025-09-05T06:47:39+00:00\",\"description\":\"Consulta el aviso legal de In English Please Academy para conocer las condiciones de uso, responsabilidades y datos legales del sitio web.\",\"breadcrumb\":{\"@id\":\"https:\/\/inenglishpleaseacademy.com\/es\/aviso-legal\/#breadcrumb\"},\"inLanguage\":\"es\",\"potentialAction\":[{\"@type\":\"ReadAction\",\"target\":[\"https:\/\/inenglishpleaseacademy.com\/es\/aviso-legal\/\"]}]},{\"@type\":\"ImageObject\",\"inLanguage\":\"es\",\"@id\":\"https:\/\/inenglishpleaseacademy.com\/es\/aviso-legal\/#primaryimage\",\"url\":\"https:\/\/inenglishpleaseacademy.com\/wp-content\/uploads\/2025\/04\/01_blue.png\",\"contentUrl\":\"https:\/\/inenglishpleaseacademy.com\/wp-content\/uploads\/2025\/04\/01_blue.png\"},{\"@type\":\"BreadcrumbList\",\"@id\":\"https:\/\/inenglishpleaseacademy.com\/es\/aviso-legal\/#breadcrumb\",\"itemListElement\":[{\"@type\":\"ListItem\",\"position\":1,\"name\":\"Home\",\"item\":\"https:\/\/inenglishpleaseacademy.com\/es\/\"},{\"@type\":\"ListItem\",\"position\":2,\"name\":\"Aviso Legal\"}]},{\"@type\":\"WebSite\",\"@id\":\"https:\/\/inenglishpleaseacademy.com\/es\/#website\",\"url\":\"https:\/\/inenglishpleaseacademy.com\/es\/\",\"name\":\"In English, Please. Academy\",\"description\":\"Centre acad\u00e8mic ubicat a Binissalem\",\"potentialAction\":[{\"@type\":\"SearchAction\",\"target\":{\"@type\":\"EntryPoint\",\"urlTemplate\":\"https:\/\/inenglishpleaseacademy.com\/es\/?s={search_term_string}\"},\"query-input\":{\"@type\":\"PropertyValueSpecification\",\"valueRequired\":true,\"valueName\":\"search_term_string\"}}],\"inLanguage\":\"es\"}]}<\/script>\n<!-- \/ Yoast SEO plugin. -->","yoast_head_json":{"title":"Aviso Legal - In English, Please. Academy","description":"Consulta el aviso legal de In English Please Academy para conocer las condiciones de uso, responsabilidades y datos legales del sitio web.","robots":{"index":"index","follow":"follow","max-snippet":"max-snippet:-1","max-image-preview":"max-image-preview:large","max-video-preview":"max-video-preview:-1"},"canonical":"https:\/\/inenglishpleaseacademy.com\/es\/aviso-legal\/","og_locale":"es_ES","og_type":"article","og_title":"Aviso Legal - In English, Please. Academy","og_description":"Consulta el aviso legal de In English Please Academy para conocer las condiciones de uso, responsabilidades y datos legales del sitio web.","og_url":"https:\/\/inenglishpleaseacademy.com\/es\/aviso-legal\/","og_site_name":"In English, Please. Academy","article_modified_time":"2025-09-05T06:47:39+00:00","og_image":[{"url":"https:\/\/inenglishpleaseacademy.com\/wp-content\/uploads\/2025\/04\/01_blue.png","type":"","width":"","height":""}],"twitter_card":"summary_large_image","twitter_misc":{"Tiempo de lectura":"5 minutos"},"schema":{"@context":"https:\/\/schema.org","@graph":[{"@type":"WebPage","@id":"https:\/\/inenglishpleaseacademy.com\/es\/aviso-legal\/","url":"https:\/\/inenglishpleaseacademy.com\/es\/aviso-legal\/","name":"Aviso Legal - In English, Please. Academy","isPartOf":{"@id":"https:\/\/inenglishpleaseacademy.com\/es\/#website"},"primaryImageOfPage":{"@id":"https:\/\/inenglishpleaseacademy.com\/es\/aviso-legal\/#primaryimage"},"image":{"@id":"https:\/\/inenglishpleaseacademy.com\/es\/aviso-legal\/#primaryimage"},"thumbnailUrl":"https:\/\/inenglishpleaseacademy.com\/wp-content\/uploads\/2025\/04\/01_blue.png","datePublished":"2025-04-11T08:35:55+00:00","dateModified":"2025-09-05T06:47:39+00:00","description":"Consulta el aviso legal de In English Please Academy para conocer las condiciones de uso, responsabilidades y datos legales del sitio web.","breadcrumb":{"@id":"https:\/\/inenglishpleaseacademy.com\/es\/aviso-legal\/#breadcrumb"},"inLanguage":"es","potentialAction":[{"@type":"ReadAction","target":["https:\/\/inenglishpleaseacademy.com\/es\/aviso-legal\/"]}]},{"@type":"ImageObject","inLanguage":"es","@id":"https:\/\/inenglishpleaseacademy.com\/es\/aviso-legal\/#primaryimage","url":"https:\/\/inenglishpleaseacademy.com\/wp-content\/uploads\/2025\/04\/01_blue.png","contentUrl":"https:\/\/inenglishpleaseacademy.com\/wp-content\/uploads\/2025\/04\/01_blue.png"},{"@type":"BreadcrumbList","@id":"https:\/\/inenglishpleaseacademy.com\/es\/aviso-legal\/#breadcrumb","itemListElement":[{"@type":"ListItem","position":1,"name":"Home","item":"https:\/\/inenglishpleaseacademy.com\/es\/"},{"@type":"ListItem","position":2,"name":"Aviso Legal"}]},{"@type":"WebSite","@id":"https:\/\/inenglishpleaseacademy.com\/es\/#website","url":"https:\/\/inenglishpleaseacademy.com\/es\/","name":"In English, Please. Academy","description":"Centre acad\u00e8mic ubicat a Binissalem","potentialAction":[{"@type":"SearchAction","target":{"@type":"EntryPoint","urlTemplate":"https:\/\/inenglishpleaseacademy.com\/es\/?s={search_term_string}"},"query-input":{"@type":"PropertyValueSpecification","valueRequired":true,"valueName":"search_term_string"}}],"inLanguage":"es"}]}},"_links":{"self":[{"href":"https:\/\/inenglishpleaseacademy.com\/es\/wp-json\/wp\/v2\/pages\/7177","targetHints":{"allow":["GET"]}}],"collection":[{"href":"https:\/\/inenglishpleaseacademy.com\/es\/wp-json\/wp\/v2\/pages"}],"about":[{"href":"https:\/\/inenglishpleaseacademy.com\/es\/wp-json\/wp\/v2\/types\/page"}],"author":[{"embeddable":true,"href":"https:\/\/inenglishpleaseacademy.com\/es\/wp-json\/wp\/v2\/users\/1"}],"replies":[{"embeddable":true,"href":"https:\/\/inenglishpleaseacademy.com\/es\/wp-json\/wp\/v2\/comments?post=7177"}],"version-history":[{"count":17,"href":"https:\/\/inenglishpleaseacademy.com\/es\/wp-json\/wp\/v2\/pages\/7177\/revisions"}],"predecessor-version":[{"id":7696,"href":"https:\/\/inenglishpleaseacademy.com\/es\/wp-json\/wp\/v2\/pages\/7177\/revisions\/7696"}],"wp:attachment":[{"href":"https:\/\/inenglishpleaseacademy.com\/es\/wp-json\/wp\/v2\/media?parent=7177"}],"curies":[{"name":"wp","href":"https:\/\/api.w.org\/{rel}","templated":true}]}}